{"id":817,"date":"2015-04-05T20:43:53","date_gmt":"2015-04-05T19:43:53","guid":{"rendered":"http:\/\/illiativ-services.com\/marocenliberte\/?page_id=817"},"modified":"2021-09-21T16:49:32","modified_gmt":"2021-09-21T15:49:32","slug":"demande-devis","status":"publish","type":"page","link":"https:\/\/www.marocenliberte.com\/en\/demande-devis\/","title":{"rendered":"Demande devis &#8211;  circuits touristiques"},"content":{"rendered":"<p><div class=\"divider\"><span><\/span><\/div><\/p>\n<section class=\"sectionhome\"><div class=\"container clearfix\">\n<h3>Demande devis<\/h3>\n<p>N&#8217;h\u00e9sitez pas \u00e0 nous \u00e9crire:<\/p>\n<p><a href=\"mailto:contact@circuitmaroc.com\" target=\"_blank\" rel=\"noopener noreferrer\">contact@circuitmaroc.com<\/a><\/p>\n<p><\/div><\/section><\/p>","protected":false},"excerpt":{"rendered":"","protected":false},"author":1,"featured_media":0,"parent":0,"menu_order":0,"comment_status":"closed","ping_status":"open","template":"","meta":{"ngg_post_thumbnail":0},"yoast_head":"<!-- This site is optimized with the Yoast SEO plugin v17.2 - https:\/\/yoast.com\/wordpress\/plugins\/seo\/ -->\n<title>Demande devis - circuits touristiques - marocenliberte<\/title>\n<meta name=\"description\" content=\"Maroc demande devis Circuits touristiques, organisation circuits 4X4, excursions au Maroc, transport touristique, sud du Maroc, villes imp\u00e9riales, Maroc sur mesure\" \/>\n<meta name=\"robots\" content=\"index, follow, max-snippet:-1, max-image-preview:large, max-video-preview:-1\" \/>\n<link rel=\"canonical\" href=\"https:\/\/www.marocenliberte.com\/demande-devis\/\" \/>\n<meta property=\"og:locale\" content=\"en_US\" \/>\n<meta property=\"og:type\" content=\"article\" \/>\n<meta property=\"og:title\" content=\"Demande devis - circuits touristiques - marocenliberte\" \/>\n<meta property=\"og:description\" content=\"Maroc demande devis Circuits touristiques, organisation circuits 4X4, excursions au Maroc, transport touristique, sud du Maroc, villes imp\u00e9riales, Maroc sur mesure\" \/>\n<meta property=\"og:url\" content=\"https:\/\/www.marocenliberte.com\/demande-devis\/\" \/>\n<meta property=\"og:site_name\" content=\"marocenliberte\" \/>\n<meta property=\"article:publisher\" content=\"https:\/\/www.facebook.com\/pages\/Maroc-en-Libert%c3%a9\/78290084900\" \/>\n<meta property=\"article:modified_time\" content=\"2021-09-21T15:49:32+00:00\" \/>\n<meta name=\"twitter:card\" content=\"summary\" \/>\n<meta name=\"twitter:site\" content=\"@Marocenlibert\" \/>\n<meta name=\"twitter:label1\" content=\"Est. reading time\" \/>\n\t<meta name=\"twitter:data1\" content=\"1 minute\" \/>\n<script type=\"application\/ld+json\" class=\"yoast-schema-graph\">{\"@context\":\"https:\/\/schema.org\",\"@graph\":[{\"@type\":\"WebSite\",\"@id\":\"https:\/\/www.marocenliberte.com\/#website\",\"url\":\"https:\/\/www.marocenliberte.com\/\",\"name\":\"marocenliberte\",\"description\":\"(Fran\\u00e7ais) Circuits et Excursions au Maroc\",\"potentialAction\":[{\"@type\":\"SearchAction\",\"target\":{\"@type\":\"EntryPoint\",\"urlTemplate\":\"https:\/\/www.marocenliberte.com\/?s={search_term_string}\"},\"query-input\":\"required name=search_term_string\"}],\"inLanguage\":\"en-US\"},{\"@type\":\"WebPage\",\"@id\":\"https:\/\/www.marocenliberte.com\/demande-devis\/#webpage\",\"url\":\"https:\/\/www.marocenliberte.com\/demande-devis\/\",\"name\":\"Demande devis - circuits touristiques - marocenliberte\",\"isPartOf\":{\"@id\":\"https:\/\/www.marocenliberte.com\/#website\"},\"datePublished\":\"2015-04-05T19:43:53+00:00\",\"dateModified\":\"2021-09-21T15:49:32+00:00\",\"description\":\"Maroc demande devis Circuits touristiques, organisation circuits 4X4, excursions au Maroc, transport touristique, sud du Maroc, villes imp\\u00e9riales, Maroc sur mesure\",\"breadcrumb\":{\"@id\":\"https:\/\/www.marocenliberte.com\/demande-devis\/#breadcrumb\"},\"inLanguage\":\"en-US\",\"potentialAction\":[{\"@type\":\"ReadAction\",\"target\":[\"https:\/\/www.marocenliberte.com\/demande-devis\/\"]}]},{\"@type\":\"BreadcrumbList\",\"@id\":\"https:\/\/www.marocenliberte.com\/demande-devis\/#breadcrumb\",\"itemListElement\":[{\"@type\":\"ListItem\",\"position\":1,\"name\":\"Accueil\",\"item\":\"https:\/\/www.marocenliberte.com\/\"},{\"@type\":\"ListItem\",\"position\":2,\"name\":\"Demande devis &#8211; circuits touristiques\"}]}]}<\/script>\n<!-- \/ Yoast SEO plugin. -->","yoast_head_json":{"title":"Demande devis - circuits touristiques - marocenliberte","description":"Maroc demande devis Circuits touristiques, organisation circuits 4X4, excursions au Maroc, transport touristique, sud du Maroc, villes imp\u00e9riales, Maroc sur mesure","robots":{"index":"index","follow":"follow","max-snippet":"max-snippet:-1","max-image-preview":"max-image-preview:large","max-video-preview":"max-video-preview:-1"},"canonical":"https:\/\/www.marocenliberte.com\/demande-devis\/","og_locale":"en_US","og_type":"article","og_title":"Demande devis - circuits touristiques - marocenliberte","og_description":"Maroc demande devis Circuits touristiques, organisation circuits 4X4, excursions au Maroc, transport touristique, sud du Maroc, villes imp\u00e9riales, Maroc sur mesure","og_url":"https:\/\/www.marocenliberte.com\/demande-devis\/","og_site_name":"marocenliberte","article_publisher":"https:\/\/www.facebook.com\/pages\/Maroc-en-Libert%c3%a9\/78290084900","article_modified_time":"2021-09-21T15:49:32+00:00","twitter_card":"summary","twitter_site":"@Marocenlibert","twitter_misc":{"Est. reading time":"1 minute"},"schema":{"@context":"https:\/\/schema.org","@graph":[{"@type":"WebSite","@id":"https:\/\/www.marocenliberte.com\/#website","url":"https:\/\/www.marocenliberte.com\/","name":"marocenliberte","description":"(Fran\u00e7ais) Circuits et Excursions au Maroc","potentialAction":[{"@type":"SearchAction","target":{"@type":"EntryPoint","urlTemplate":"https:\/\/www.marocenliberte.com\/?s={search_term_string}"},"query-input":"required name=search_term_string"}],"inLanguage":"en-US"},{"@type":"WebPage","@id":"https:\/\/www.marocenliberte.com\/demande-devis\/#webpage","url":"https:\/\/www.marocenliberte.com\/demande-devis\/","name":"Demande devis - circuits touristiques - marocenliberte","isPartOf":{"@id":"https:\/\/www.marocenliberte.com\/#website"},"datePublished":"2015-04-05T19:43:53+00:00","dateModified":"2021-09-21T15:49:32+00:00","description":"Maroc demande devis Circuits touristiques, organisation circuits 4X4, excursions au Maroc, transport touristique, sud du Maroc, villes imp\u00e9riales, Maroc sur mesure","breadcrumb":{"@id":"https:\/\/www.marocenliberte.com\/demande-devis\/#breadcrumb"},"inLanguage":"en-US","potentialAction":[{"@type":"ReadAction","target":["https:\/\/www.marocenliberte.com\/demande-devis\/"]}]},{"@type":"BreadcrumbList","@id":"https:\/\/www.marocenliberte.com\/demande-devis\/#breadcrumb","itemListElement":[{"@type":"ListItem","position":1,"name":"Accueil","item":"https:\/\/www.marocenliberte.com\/"},{"@type":"ListItem","position":2,"name":"Demande devis &#8211; circuits touristiques"}]}]}},"_links":{"self":[{"href":"https:\/\/www.marocenliberte.com\/en\/wp-json\/wp\/v2\/pages\/817"}],"collection":[{"href":"https:\/\/www.marocenliberte.com\/en\/wp-json\/wp\/v2\/pages"}],"about":[{"href":"https:\/\/www.marocenliberte.com\/en\/wp-json\/wp\/v2\/types\/page"}],"author":[{"embeddable":true,"href":"https:\/\/www.marocenliberte.com\/en\/wp-json\/wp\/v2\/users\/1"}],"replies":[{"embeddable":true,"href":"https:\/\/www.marocenliberte.com\/en\/wp-json\/wp\/v2\/comments?post=817"}],"version-history":[{"count":29,"href":"https:\/\/www.marocenliberte.com\/en\/wp-json\/wp\/v2\/pages\/817\/revisions"}],"predecessor-version":[{"id":2247,"href":"https:\/\/www.marocenliberte.com\/en\/wp-json\/wp\/v2\/pages\/817\/revisions\/2247"}],"wp:attachment":[{"href":"https:\/\/www.marocenliberte.com\/en\/wp-json\/wp\/v2\/media?parent=817"}],"curies":[{"name":"wp","href":"https:\/\/api.w.org\/{rel}","templated":true}]}}