{"id":599,"date":"2015-03-18T17:16:18","date_gmt":"2015-03-18T16:16:18","guid":{"rendered":"http:\/\/illiativ-services.com\/marocenliberte\/?page_id=599"},"modified":"2021-09-21T17:21:31","modified_gmt":"2021-09-21T16:21:31","slug":"sur-mesure","status":"publish","type":"page","link":"https:\/\/www.marocenliberte.com\/en\/sur-mesure\/","title":{"rendered":"Maroc sur Mesure"},"content":{"rendered":"<p><!-- START REVOLUTION SLIDER 4.3.8 fullwidth mode -->\n<script type='text\/javascript' src='https:\/\/www.marocenliberte.com\/wp-content\/plugins\/revslider\/rs-plugin\/js\/jquery.themepunch.plugins.min.js?rev=4.3.8'><\/script><script type='text\/javascript' src='https:\/\/www.marocenliberte.com\/wp-content\/plugins\/revslider\/rs-plugin\/js\/jquery.themepunch.revolution.min.js?rev=4.3.8'><\/script>\n<div id=\"rev_slider_7_2_wrapper\" class=\"rev_slider_wrapper fullwidthbanner-container\" style=\"margin:0px auto;background-color:#F9FAFC;padding:0px;margin-top:0px;margin-bottom:10px;max-height:350px;\">\n\t<div id=\"rev_slider_7_2\" class=\"rev_slider fullwidthabanner\" style=\"display:none;max-height:350px;height:350px;\">\n<ul>\t<!-- SLIDE  -->\n\t<li data-transition=\"random\" data-slotamount=\"7\" data-masterspeed=\"300\" >\n\t\t<!-- MAIN IMAGE -->\n\t\t<img src=\"https:\/\/www.marocenliberte.com\/wp-content\/uploads\/2015\/05\/tinghir3.jpg\"  alt=\"tinghir3\"  data-bgposition=\"center center\" data-bgfit=\"cover\" data-bgrepeat=\"no-repeat\">\n\t\t<!-- LAYERS -->\n\t<\/li>\n\t<!-- SLIDE  -->\n\t<li data-transition=\"random\" data-slotamount=\"7\" data-masterspeed=\"300\" >\n\t\t<!-- MAIN IMAGE -->\n\t\t<img src=\"https:\/\/www.marocenliberte.com\/wp-content\/uploads\/2015\/05\/hamadas1.jpg\"  alt=\"hamadas1\"  data-bgposition=\"center center\" data-bgfit=\"cover\" data-bgrepeat=\"no-repeat\">\n\t\t<!-- LAYERS -->\n\t<\/li>\n\t<!-- SLIDE  -->\n\t<li data-transition=\"random\" data-slotamount=\"7\" data-masterspeed=\"300\" >\n\t\t<!-- MAIN IMAGE -->\n\t\t<img src=\"https:\/\/www.marocenliberte.com\/wp-content\/uploads\/2015\/05\/ait_benhaddou3.jpg\"  alt=\"ait_benhaddou3\"  data-bgposition=\"center center\" data-bgfit=\"cover\" data-bgrepeat=\"no-repeat\">\n\t\t<!-- LAYERS -->\n\t<\/li>\n<\/ul>\n<div class=\"tp-bannertimer\"><\/div>\t<\/div>\n<\/div>\t\t\t\n\t\t\t<script type=\"text\/javascript\">\n\n\t\t\t\tvar tpj=jQuery;\t\t\t\t\n\t\t\t\ttpj.noConflict();\t\t\t\t\n\t\t\t\tvar revapi7;\n\t\t\t\t\n\t\t\t\ttpj(document).ready(function() {\n\t\t\t\t\t\t\t\t\n\t\t\t\tif(tpj('#rev_slider_7_2').revolution == undefined)\n\t\t\t\t\trevslider_showDoubleJqueryError('#rev_slider_7_2');\n\t\t\t\telse\n\t\t\t\t   revapi7 = tpj('#rev_slider_7_2').show().revolution(\n\t\t\t\t\t{\n\t\t\t\t\t\tdottedOverlay:\"none\",\n\t\t\t\t\t\tdelay:4000,\n\t\t\t\t\t\tstartwidth:960,\n\t\t\t\t\t\tstartheight:350,\n\t\t\t\t\t\thideThumbs:200,\n\t\t\t\t\t\t\n\t\t\t\t\t\tthumbWidth:100,\n\t\t\t\t\t\tthumbHeight:50,\n\t\t\t\t\t\tthumbAmount:3,\n\t\t\t\t\t\t\n\t\t\t\t\t\tnavigationType:\"none\",\n\t\t\t\t\t\tnavigationArrows:\"solo\",\n\t\t\t\t\t\tnavigationStyle:\"round\",\n\t\t\t\t\t\t\n\t\t\t\t\t\ttouchenabled:\"on\",\n\t\t\t\t\t\tonHoverStop:\"on\",\n\t\t\t\t\t\t\n\t\t\t\t\t\tswipe_velocity: 0.7,\n\t\t\t\t\t\tswipe_min_touches: 1,\n\t\t\t\t\t\tswipe_max_touches: 1,\n\t\t\t\t\t\tdrag_block_vertical: false,\n\t\t\t\t\t\t\t\t\t\t\t\t\n\t\t\t\t\t\tkeyboardNavigation:\"off\",\n\t\t\t\t\t\t\n\t\t\t\t\t\tnavigationHAlign:\"center\",\n\t\t\t\t\t\tnavigationVAlign:\"bottom\",\n\t\t\t\t\t\tnavigationHOffset:0,\n\t\t\t\t\t\tnavigationVOffset:20,\n\n\t\t\t\t\t\tsoloArrowLeftHalign:\"left\",\n\t\t\t\t\t\tsoloArrowLeftValign:\"center\",\n\t\t\t\t\t\tsoloArrowLeftHOffset:20,\n\t\t\t\t\t\tsoloArrowLeftVOffset:0,\n\n\t\t\t\t\t\tsoloArrowRightHalign:\"right\",\n\t\t\t\t\t\tsoloArrowRightValign:\"center\",\n\t\t\t\t\t\tsoloArrowRightHOffset:20,\n\t\t\t\t\t\tsoloArrowRightVOffset:0,\n\t\t\t\t\t\t\t\t\n\t\t\t\t\t\tshadow:0,\n\t\t\t\t\t\tfullWidth:\"on\",\n\t\t\t\t\t\tfullScreen:\"off\",\n\n\t\t\t\t\t\tspinner:\"spinner3\",\n\t\t\t\t\t\t\n\t\t\t\t\t\tstopLoop:\"off\",\n\t\t\t\t\t\tstopAfterLoops:-1,\n\t\t\t\t\t\tstopAtSlide:-1,\n\n\t\t\t\t\t\t\n\t\t\t\t\t\tshuffle:\"off\",\n\t\t\t\t\t\t\n\t\t\t\t\t\tautoHeight:\"off\",\t\t\t\t\t\t\n\t\t\t\t\t\tforceFullWidth:\"off\",\t\t\t\t\t\t\n\t\t\t\t\t\t\t\t\t\t\t\t\n\t\t\t\t\t\t\t\t\t\t\t\t\n\t\t\t\t\t\t\t\t\t\t\t\t\n\t\t\t\t\t\thideThumbsOnMobile:\"off\",\n\t\t\t\t\t\thideNavDelayOnMobile:1500,\t\t\t\t\t\thideBulletsOnMobile:\"off\",\n\t\t\t\t\t\thideArrowsOnMobile:\"off\",\n\t\t\t\t\t\thideThumbsUnderResolution:0,\n\t\t\t\t\t\t\n\t\t\t\t\t\thideSliderAtLimit:0,\n\t\t\t\t\t\thideCaptionAtLimit:0,\n\t\t\t\t\t\thideAllCaptionAtLilmit:0,\n\t\t\t\t\t\tstartWithSlide:0,\n\t\t\t\t\t\tvideoJsPath:\"https:\/\/www.marocenliberte.com\/wp-content\/plugins\/revslider\/rs-plugin\/videojs\/\",\n\t\t\t\t\t\tfullScreenOffsetContainer: \"\"\t\n\t\t\t\t\t});\n\t\t\t\t\n\t\t\t\t});\t\/\/ready\n\t\t\t\t\n\t\t\t<\/script>\n\t\t\t\n\t\t\t<style type=\"text\/css\">\n\t#rev_slider_7_2_wrapper .tp-loader.spinner3 div { background-color: #1bbc9b !important; }\n<\/style>\n<!-- END REVOLUTION SLIDER --><\/p>\n<h2><span style=\"color: #993366;\">Transport all&nbsp;destinations\/&nbsp;circuits by yourself in Morocco<\/span><\/h2>\n<p>&nbsp;<\/p>\n<div class=\"TheContentText\">\n<p><strong>Looking for a solution for your trips?<\/strong><\/p>\n<p>We offer the following services:<\/p>\n<p>&#8211; Morocco tours concocted just for you and <span style=\"text-decoration: underline;\">customized<\/span> according to your desires<\/p>\n<p>&#8211; The provision of <span style=\"text-decoration: underline;\">minibus with driver<\/span> from 1 to several days for circuits<\/p>\n<p>&#8211; The provision of 4X4 with driver for 1 day or for your private or business trips<\/p>\n<p>&#8211; <span style=\"text-decoration: underline;\">Airport transfers<\/span> to your place of accommodation of all the cities of Morocco<\/p>\n<p>&#8211; Transfers <span style=\"text-decoration: underline;\">Inter cities<\/span> all destinations<\/p>\n<p>&#8211; Transfers to the <span style=\"text-decoration: underline;\">golf courses<\/span> of Marrakesh and its region and back<\/p>\n<p>&#8211; The <span style=\"text-decoration: underline;\">historic visit<\/span> of Marrakech in private transport<\/p>\n<p>&#8211; Travel for your evenings in Marrakech or region<\/p>\n<p>&#8211; Transport routes to <span style=\"text-decoration: underline;\">all destinations<\/span> in Morocco and from all Moroccan cities<\/p>\n<p>&nbsp;<\/p>\n<p><span style=\"color: #993366;\">Individual or group, contact us for your free quote Morocco tours, we will reply as soon as possible<\/span><\/p>\n<p>E-mail: <a href=\"mailto:contact@circuitmaroc.com\">contact@circuitmaroc.com<\/a><\/p>\n<\/div>\n<p>&nbsp;<\/p>\n<div class=\"TheContentText\">&nbsp;<\/div>\n<p><\/p>","protected":false},"excerpt":{"rendered":"<p>Transport all&nbsp;destinations\/&nbsp;circuits by yourself in Morocco &nbsp; Looking for a solution for your trips? We offer the following services: &#8211; Morocco tours concocted just for you and customized according to your desires &#8211; The provision of minibus with driver from 1 to several days for circuits &#8211; The provision of 4X4 with driver for 1 &#8230;<\/p>\n","protected":false},"author":1,"featured_media":0,"parent":0,"menu_order":0,"comment_status":"open","ping_status":"open","template":"","meta":{"ngg_post_thumbnail":0},"yoast_head":"<!-- This site is optimized with the Yoast SEO plugin v17.2 - https:\/\/yoast.com\/wordpress\/plugins\/seo\/ -->\n<title>Maroc sur Mesure - marocenliberte<\/title>\n<meta name=\"description\" content=\"circuits et voyages Maroc sur mesure, excursions, circuits d\u00e9sert Maroc, circuits villes imp\u00e9riales, nord du Maroc, grand sud marocain, s\u00e9jours en libert\u00e9\" \/>\n<meta name=\"robots\" content=\"index, follow, max-snippet:-1, max-image-preview:large, max-video-preview:-1\" \/>\n<link rel=\"canonical\" href=\"https:\/\/www.marocenliberte.com\/sur-mesure\/\" \/>\n<meta property=\"og:locale\" content=\"en_US\" \/>\n<meta property=\"og:type\" content=\"article\" \/>\n<meta property=\"og:title\" content=\"Maroc sur Mesure - marocenliberte\" \/>\n<meta property=\"og:description\" content=\"circuits et voyages Maroc sur mesure, excursions, circuits d\u00e9sert Maroc, circuits villes imp\u00e9riales, nord du Maroc, grand sud marocain, s\u00e9jours en libert\u00e9\" \/>\n<meta property=\"og:url\" content=\"https:\/\/www.marocenliberte.com\/sur-mesure\/\" \/>\n<meta property=\"og:site_name\" content=\"marocenliberte\" \/>\n<meta property=\"article:publisher\" content=\"https:\/\/www.facebook.com\/pages\/Maroc-en-Libert%c3%a9\/78290084900\" \/>\n<meta property=\"article:modified_time\" content=\"2021-09-21T16:21:31+00:00\" \/>\n<meta name=\"twitter:card\" content=\"summary\" \/>\n<meta name=\"twitter:site\" content=\"@Marocenlibert\" \/>\n<meta name=\"twitter:label1\" content=\"Est. reading time\" \/>\n\t<meta name=\"twitter:data1\" content=\"1 minute\" \/>\n<script type=\"application\/ld+json\" class=\"yoast-schema-graph\">{\"@context\":\"https:\/\/schema.org\",\"@graph\":[{\"@type\":\"WebSite\",\"@id\":\"https:\/\/www.marocenliberte.com\/#website\",\"url\":\"https:\/\/www.marocenliberte.com\/\",\"name\":\"marocenliberte\",\"description\":\"(Fran\\u00e7ais) Circuits et Excursions au Maroc\",\"potentialAction\":[{\"@type\":\"SearchAction\",\"target\":{\"@type\":\"EntryPoint\",\"urlTemplate\":\"https:\/\/www.marocenliberte.com\/?s={search_term_string}\"},\"query-input\":\"required name=search_term_string\"}],\"inLanguage\":\"en-US\"},{\"@type\":\"WebPage\",\"@id\":\"https:\/\/www.marocenliberte.com\/sur-mesure\/#webpage\",\"url\":\"https:\/\/www.marocenliberte.com\/sur-mesure\/\",\"name\":\"Maroc sur Mesure - marocenliberte\",\"isPartOf\":{\"@id\":\"https:\/\/www.marocenliberte.com\/#website\"},\"datePublished\":\"2015-03-18T16:16:18+00:00\",\"dateModified\":\"2021-09-21T16:21:31+00:00\",\"description\":\"circuits et voyages Maroc sur mesure, excursions, circuits d\\u00e9sert Maroc, circuits villes imp\\u00e9riales, nord du Maroc, grand sud marocain, s\\u00e9jours en libert\\u00e9\",\"breadcrumb\":{\"@id\":\"https:\/\/www.marocenliberte.com\/sur-mesure\/#breadcrumb\"},\"inLanguage\":\"en-US\",\"potentialAction\":[{\"@type\":\"ReadAction\",\"target\":[\"https:\/\/www.marocenliberte.com\/sur-mesure\/\"]}]},{\"@type\":\"BreadcrumbList\",\"@id\":\"https:\/\/www.marocenliberte.com\/sur-mesure\/#breadcrumb\",\"itemListElement\":[{\"@type\":\"ListItem\",\"position\":1,\"name\":\"Accueil\",\"item\":\"https:\/\/www.marocenliberte.com\/\"},{\"@type\":\"ListItem\",\"position\":2,\"name\":\"Maroc sur Mesure\"}]}]}<\/script>\n<!-- \/ Yoast SEO plugin. -->","yoast_head_json":{"title":"Maroc sur Mesure - marocenliberte","description":"circuits et voyages Maroc sur mesure, excursions, circuits d\u00e9sert Maroc, circuits villes imp\u00e9riales, nord du Maroc, grand sud marocain, s\u00e9jours en libert\u00e9","robots":{"index":"index","follow":"follow","max-snippet":"max-snippet:-1","max-image-preview":"max-image-preview:large","max-video-preview":"max-video-preview:-1"},"canonical":"https:\/\/www.marocenliberte.com\/sur-mesure\/","og_locale":"en_US","og_type":"article","og_title":"Maroc sur Mesure - marocenliberte","og_description":"circuits et voyages Maroc sur mesure, excursions, circuits d\u00e9sert Maroc, circuits villes imp\u00e9riales, nord du Maroc, grand sud marocain, s\u00e9jours en libert\u00e9","og_url":"https:\/\/www.marocenliberte.com\/sur-mesure\/","og_site_name":"marocenliberte","article_publisher":"https:\/\/www.facebook.com\/pages\/Maroc-en-Libert%c3%a9\/78290084900","article_modified_time":"2021-09-21T16:21:31+00:00","twitter_card":"summary","twitter_site":"@Marocenlibert","twitter_misc":{"Est. reading time":"1 minute"},"schema":{"@context":"https:\/\/schema.org","@graph":[{"@type":"WebSite","@id":"https:\/\/www.marocenliberte.com\/#website","url":"https:\/\/www.marocenliberte.com\/","name":"marocenliberte","description":"(Fran\u00e7ais) Circuits et Excursions au Maroc","potentialAction":[{"@type":"SearchAction","target":{"@type":"EntryPoint","urlTemplate":"https:\/\/www.marocenliberte.com\/?s={search_term_string}"},"query-input":"required name=search_term_string"}],"inLanguage":"en-US"},{"@type":"WebPage","@id":"https:\/\/www.marocenliberte.com\/sur-mesure\/#webpage","url":"https:\/\/www.marocenliberte.com\/sur-mesure\/","name":"Maroc sur Mesure - marocenliberte","isPartOf":{"@id":"https:\/\/www.marocenliberte.com\/#website"},"datePublished":"2015-03-18T16:16:18+00:00","dateModified":"2021-09-21T16:21:31+00:00","description":"circuits et voyages Maroc sur mesure, excursions, circuits d\u00e9sert Maroc, circuits villes imp\u00e9riales, nord du Maroc, grand sud marocain, s\u00e9jours en libert\u00e9","breadcrumb":{"@id":"https:\/\/www.marocenliberte.com\/sur-mesure\/#breadcrumb"},"inLanguage":"en-US","potentialAction":[{"@type":"ReadAction","target":["https:\/\/www.marocenliberte.com\/sur-mesure\/"]}]},{"@type":"BreadcrumbList","@id":"https:\/\/www.marocenliberte.com\/sur-mesure\/#breadcrumb","itemListElement":[{"@type":"ListItem","position":1,"name":"Accueil","item":"https:\/\/www.marocenliberte.com\/"},{"@type":"ListItem","position":2,"name":"Maroc sur Mesure"}]}]}},"_links":{"self":[{"href":"https:\/\/www.marocenliberte.com\/en\/wp-json\/wp\/v2\/pages\/599"}],"collection":[{"href":"https:\/\/www.marocenliberte.com\/en\/wp-json\/wp\/v2\/pages"}],"about":[{"href":"https:\/\/www.marocenliberte.com\/en\/wp-json\/wp\/v2\/types\/page"}],"author":[{"embeddable":true,"href":"https:\/\/www.marocenliberte.com\/en\/wp-json\/wp\/v2\/users\/1"}],"replies":[{"embeddable":true,"href":"https:\/\/www.marocenliberte.com\/en\/wp-json\/wp\/v2\/comments?post=599"}],"version-history":[{"count":25,"href":"https:\/\/www.marocenliberte.com\/en\/wp-json\/wp\/v2\/pages\/599\/revisions"}],"predecessor-version":[{"id":2249,"href":"https:\/\/www.marocenliberte.com\/en\/wp-json\/wp\/v2\/pages\/599\/revisions\/2249"}],"wp:attachment":[{"href":"https:\/\/www.marocenliberte.com\/en\/wp-json\/wp\/v2\/media?parent=599"}],"curies":[{"name":"wp","href":"https:\/\/api.w.org\/{rel}","templated":true}]}}