{"id":1279,"date":"2015-05-08T00:33:27","date_gmt":"2015-05-07T23:33:27","guid":{"rendered":"http:\/\/illiativ-services.com\/marocenliberte\/?page_id=1279"},"modified":"2020-04-07T13:03:56","modified_gmt":"2020-04-07T12:03:56","slug":"conditions-generales-de-reservation-et-dannulation","status":"publish","type":"page","link":"https:\/\/www.marocenliberte.com\/en\/conditions-generales-de-reservation-et-dannulation\/","title":{"rendered":"Circuits and travel in Morocco:\u00a0booking condition"},"content":{"rendered":"<p>&nbsp;<\/p>\n<p><span style=\"color: #993366;\"><strong><u>Terms of payment<\/u><\/strong><\/span><\/p>\n<p>&#8211; 30% deposit on registration by bank transfer (transfer fees charged to the client)&nbsp; if the reservation is made more than 30 days before the intended date of travel<\/p>\n<p>&#8211; Pay by bank transfer&nbsp; before the start of the trip (transfer fees charged to the client)&nbsp;<\/p>\n<p>&nbsp;<\/p>\n<p><span style=\"color: #993366;\"><strong><u>Administrative and health<\/u><\/strong><\/span><\/p>\n<p>Before you enroll in one of our trips, it is your responsibility to ensure that each passenger is in possession of the necessary documents to transit and \/ or enter the territory chosen as the country of travel: passport, visa, permission Output territory unaccompanied by their parents, vaccines and \/ or medical treatment necessary. We urge you to keep you informed in real time the evolution of administrative and health formalities required<\/p>\n<p>&nbsp;<\/p>\n<p>The information given by our advisors concerning French citizens for any other nationality, the customer must inform the competent authorities of the host country prior to registration.<br \/>\n\u201cMaroc en Libert\u00e9\u201d can not be held responsible for the consequences of any failure by the customer forbidding access to the selected country. The customer shall not be entitled to any refund either before departure or upon arrival at destination.<br \/>\n&nbsp;<\/p>\n<p><span style=\"color: #993366;\"><strong>For Morocco<\/strong>:<\/span> <u><strong>Passport required<\/strong> <\/u>for all stays in individual<\/p>\n<p>&nbsp;<\/p>\n<p>&nbsp;<\/p>\n<p><span style=\"color: #993366;\"><strong><u>Travel advice<\/u><\/strong><\/span><\/p>\n<p>It is strongly recommended that the customer cancellation insurance, repatriation, etc. interruption of stay before departure are traveling and make sure it is well covered in terms of liability for all activities during the trip.<br \/>\n&nbsp;<\/p>\n<p>We can not be held responsible for incidents reaching people through physical activity and sports (walking &#8230;.) if they are not covered for personal liability<\/p>","protected":false},"excerpt":{"rendered":"<p>&nbsp; Terms of payment &#8211; 30% deposit on registration by bank transfer (transfer fees charged to the client)&nbsp; if the reservation is made more than 30 days before the intended date of travel &#8211; Pay by bank transfer&nbsp; before the start of the trip (transfer fees charged to the client)&nbsp; &nbsp; Administrative and health Before &#8230;<\/p>\n","protected":false},"author":1,"featured_media":0,"parent":0,"menu_order":0,"comment_status":"closed","ping_status":"open","template":"","meta":{"ngg_post_thumbnail":0},"yoast_head":"<!-- This site is optimized with the Yoast SEO plugin v17.2 - https:\/\/yoast.com\/wordpress\/plugins\/seo\/ -->\n<title>Circuits and travel in Morocco:\u00a0booking condition - marocenliberte<\/title>\n<meta name=\"description\" content=\"Voyage Maroc, circuits et excursions sur mesure au Maroc, d\u00e9sert Marocain, villes imp\u00e9riales, s\u00e9jours circuits Maroc \u00e0 la carte, Haut Atlas marocain, Grand sud du Maroc\" \/>\n<meta name=\"robots\" content=\"index, follow, max-snippet:-1, max-image-preview:large, max-video-preview:-1\" \/>\n<link rel=\"canonical\" href=\"https:\/\/www.marocenliberte.com\/conditions-generales-de-reservation-et-dannulation\/\" \/>\n<meta property=\"og:locale\" content=\"en_US\" \/>\n<meta property=\"og:type\" content=\"article\" \/>\n<meta property=\"og:title\" content=\"[:fr]Voyage Maroc: Conditions de r\u00e9servation[:en]Circuits and travel in Morocco:\u00a0booking condition[:] - marocenliberte\" \/>\n<meta property=\"og:description\" content=\"Voyage Maroc, circuits et excursions sur mesure au Maroc, d\u00e9sert Marocain, villes imp\u00e9riales, s\u00e9jours circuits Maroc \u00e0 la carte, Haut Atlas marocain, Grand sud du Maroc\" \/>\n<meta property=\"og:url\" content=\"https:\/\/www.marocenliberte.com\/conditions-generales-de-reservation-et-dannulation\/\" \/>\n<meta property=\"og:site_name\" content=\"marocenliberte\" \/>\n<meta property=\"article:publisher\" content=\"https:\/\/www.facebook.com\/pages\/Maroc-en-Libert%c3%a9\/78290084900\" \/>\n<meta property=\"article:modified_time\" content=\"2020-04-07T12:03:56+00:00\" \/>\n<meta name=\"twitter:card\" content=\"summary\" \/>\n<meta name=\"twitter:site\" content=\"@Marocenlibert\" \/>\n<meta name=\"twitter:label1\" content=\"Est. reading time\" \/>\n\t<meta name=\"twitter:data1\" content=\"3 minutes\" \/>\n<script type=\"application\/ld+json\" class=\"yoast-schema-graph\">{\"@context\":\"https:\/\/schema.org\",\"@graph\":[{\"@type\":\"WebSite\",\"@id\":\"https:\/\/www.marocenliberte.com\/#website\",\"url\":\"https:\/\/www.marocenliberte.com\/\",\"name\":\"marocenliberte\",\"description\":\"(Fran\\u00e7ais) Circuits et Excursions au Maroc\",\"potentialAction\":[{\"@type\":\"SearchAction\",\"target\":{\"@type\":\"EntryPoint\",\"urlTemplate\":\"https:\/\/www.marocenliberte.com\/?s={search_term_string}\"},\"query-input\":\"required name=search_term_string\"}],\"inLanguage\":\"en-US\"},{\"@type\":\"WebPage\",\"@id\":\"https:\/\/www.marocenliberte.com\/conditions-generales-de-reservation-et-dannulation\/#webpage\",\"url\":\"https:\/\/www.marocenliberte.com\/conditions-generales-de-reservation-et-dannulation\/\",\"name\":\"[:fr]Voyage Maroc: Conditions de r\\u00e9servation[:en]Circuits and travel in Morocco:\\u00a0booking condition[:] - marocenliberte\",\"isPartOf\":{\"@id\":\"https:\/\/www.marocenliberte.com\/#website\"},\"datePublished\":\"2015-05-07T23:33:27+00:00\",\"dateModified\":\"2020-04-07T12:03:56+00:00\",\"description\":\"Voyage Maroc, circuits et excursions sur mesure au Maroc, d\\u00e9sert Marocain, villes imp\\u00e9riales, s\\u00e9jours circuits Maroc \\u00e0 la carte, Haut Atlas marocain, Grand sud du Maroc\",\"breadcrumb\":{\"@id\":\"https:\/\/www.marocenliberte.com\/conditions-generales-de-reservation-et-dannulation\/#breadcrumb\"},\"inLanguage\":\"en-US\",\"potentialAction\":[{\"@type\":\"ReadAction\",\"target\":[\"https:\/\/www.marocenliberte.com\/conditions-generales-de-reservation-et-dannulation\/\"]}]},{\"@type\":\"BreadcrumbList\",\"@id\":\"https:\/\/www.marocenliberte.com\/conditions-generales-de-reservation-et-dannulation\/#breadcrumb\",\"itemListElement\":[{\"@type\":\"ListItem\",\"position\":1,\"name\":\"Accueil\",\"item\":\"https:\/\/www.marocenliberte.com\/\"},{\"@type\":\"ListItem\",\"position\":2,\"name\":\"Voyage Maroc: Conditions de r\\u00e9servation\"}]}]}<\/script>\n<!-- \/ Yoast SEO plugin. -->","yoast_head_json":{"title":"[:fr]Voyage Maroc: Conditions de r\u00e9servation[:en]Circuits and travel in Morocco:\u00a0booking condition[:] - marocenliberte","description":"Voyage Maroc, circuits et excursions sur mesure au Maroc, d\u00e9sert Marocain, villes imp\u00e9riales, s\u00e9jours circuits Maroc \u00e0 la carte, Haut Atlas marocain, Grand sud du Maroc","robots":{"index":"index","follow":"follow","max-snippet":"max-snippet:-1","max-image-preview":"max-image-preview:large","max-video-preview":"max-video-preview:-1"},"canonical":"https:\/\/www.marocenliberte.com\/conditions-generales-de-reservation-et-dannulation\/","og_locale":"en_US","og_type":"article","og_title":"[:fr]Voyage Maroc: Conditions de r\u00e9servation[:en]Circuits and travel in Morocco:\u00a0booking condition[:] - marocenliberte","og_description":"Voyage Maroc, circuits et excursions sur mesure au Maroc, d\u00e9sert Marocain, villes imp\u00e9riales, s\u00e9jours circuits Maroc \u00e0 la carte, Haut Atlas marocain, Grand sud du Maroc","og_url":"https:\/\/www.marocenliberte.com\/conditions-generales-de-reservation-et-dannulation\/","og_site_name":"marocenliberte","article_publisher":"https:\/\/www.facebook.com\/pages\/Maroc-en-Libert%c3%a9\/78290084900","article_modified_time":"2020-04-07T12:03:56+00:00","twitter_card":"summary","twitter_site":"@Marocenlibert","twitter_misc":{"Est. reading time":"3 minutes"},"schema":{"@context":"https:\/\/schema.org","@graph":[{"@type":"WebSite","@id":"https:\/\/www.marocenliberte.com\/#website","url":"https:\/\/www.marocenliberte.com\/","name":"marocenliberte","description":"(Fran\u00e7ais) Circuits et Excursions au Maroc","potentialAction":[{"@type":"SearchAction","target":{"@type":"EntryPoint","urlTemplate":"https:\/\/www.marocenliberte.com\/?s={search_term_string}"},"query-input":"required name=search_term_string"}],"inLanguage":"en-US"},{"@type":"WebPage","@id":"https:\/\/www.marocenliberte.com\/conditions-generales-de-reservation-et-dannulation\/#webpage","url":"https:\/\/www.marocenliberte.com\/conditions-generales-de-reservation-et-dannulation\/","name":"[:fr]Voyage Maroc: Conditions de r\u00e9servation[:en]Circuits and travel in Morocco:\u00a0booking condition[:] - marocenliberte","isPartOf":{"@id":"https:\/\/www.marocenliberte.com\/#website"},"datePublished":"2015-05-07T23:33:27+00:00","dateModified":"2020-04-07T12:03:56+00:00","description":"Voyage Maroc, circuits et excursions sur mesure au Maroc, d\u00e9sert Marocain, villes imp\u00e9riales, s\u00e9jours circuits Maroc \u00e0 la carte, Haut Atlas marocain, Grand sud du Maroc","breadcrumb":{"@id":"https:\/\/www.marocenliberte.com\/conditions-generales-de-reservation-et-dannulation\/#breadcrumb"},"inLanguage":"en-US","potentialAction":[{"@type":"ReadAction","target":["https:\/\/www.marocenliberte.com\/conditions-generales-de-reservation-et-dannulation\/"]}]},{"@type":"BreadcrumbList","@id":"https:\/\/www.marocenliberte.com\/conditions-generales-de-reservation-et-dannulation\/#breadcrumb","itemListElement":[{"@type":"ListItem","position":1,"name":"Accueil","item":"https:\/\/www.marocenliberte.com\/"},{"@type":"ListItem","position":2,"name":"Voyage Maroc: Conditions de r\u00e9servation"}]}]}},"_links":{"self":[{"href":"https:\/\/www.marocenliberte.com\/en\/wp-json\/wp\/v2\/pages\/1279"}],"collection":[{"href":"https:\/\/www.marocenliberte.com\/en\/wp-json\/wp\/v2\/pages"}],"about":[{"href":"https:\/\/www.marocenliberte.com\/en\/wp-json\/wp\/v2\/types\/page"}],"author":[{"embeddable":true,"href":"https:\/\/www.marocenliberte.com\/en\/wp-json\/wp\/v2\/users\/1"}],"replies":[{"embeddable":true,"href":"https:\/\/www.marocenliberte.com\/en\/wp-json\/wp\/v2\/comments?post=1279"}],"version-history":[{"count":24,"href":"https:\/\/www.marocenliberte.com\/en\/wp-json\/wp\/v2\/pages\/1279\/revisions"}],"predecessor-version":[{"id":1324,"href":"https:\/\/www.marocenliberte.com\/en\/wp-json\/wp\/v2\/pages\/1279\/revisions\/1324"}],"wp:attachment":[{"href":"https:\/\/www.marocenliberte.com\/en\/wp-json\/wp\/v2\/media?parent=1279"}],"curies":[{"name":"wp","href":"https:\/\/api.w.org\/{rel}","templated":true}]}}